{"id":743,"date":"2023-05-20T13:23:01","date_gmt":"2023-05-20T13:23:01","guid":{"rendered":"https:\/\/vibeiceland.is\/?page_id=743"},"modified":"2023-05-20T13:36:53","modified_gmt":"2023-05-20T13:36:53","slug":"stefi","status":"publish","type":"page","link":"https:\/\/vibe.is\/?page_id=743","title":{"rendered":"Stefi"},"content":{"rendered":"<div class='flex_column av-gd9jb-7efe905103af139b3d2f74c1cd6feda1 av_one_full  avia-builder-el-0  el_before_av_one_half  avia-builder-el-first  first flex_column_div '     ><style type=\"text\/css\" data-created_by=\"avia_inline_auto\" id=\"style-css-av-lhw0jdk9-400a9eee02e712e31eceeffd07a86161\">\n#top .av-special-heading.av-lhw0jdk9-400a9eee02e712e31eceeffd07a86161{\npadding-bottom:10px;\n}\nbody .av-special-heading.av-lhw0jdk9-400a9eee02e712e31eceeffd07a86161 .av-special-heading-tag .heading-char{\nfont-size:25px;\n}\n.av-special-heading.av-lhw0jdk9-400a9eee02e712e31eceeffd07a86161 .av-subheading{\nfont-size:15px;\n}\n<\/style>\n<div  class='av-special-heading av-lhw0jdk9-400a9eee02e712e31eceeffd07a86161 av-special-heading-h3 blockquote modern-quote modern-centered  avia-builder-el-1  avia-builder-el-no-sibling '><h3 class='av-special-heading-tag'  itemprop=\"headline\"  >Fj\u00e1rm\u00e1laheilsa<\/h3><div class=\"special-heading-border\"><div class=\"special-heading-inner-border\"><\/div><\/div><\/div><\/div>\n<div class='flex_column av-88xm7-bb60ba7607ba5a611cdcc284c56ed836 av_one_half  avia-builder-el-2  el_after_av_one_full  el_before_av_one_half  first flex_column_div column-top-margin'     ><style type=\"text\/css\" data-created_by=\"avia_inline_auto\" id=\"style-css-av-lhw0y3ye-34c1b82d190fd1f4c2129898649aeaeb\">\n#top .av-special-heading.av-lhw0y3ye-34c1b82d190fd1f4c2129898649aeaeb{\nmargin:40px 40px 40px 40px;\npadding-bottom:10px;\nfont-size:33px;\n}\nbody .av-special-heading.av-lhw0y3ye-34c1b82d190fd1f4c2129898649aeaeb .av-special-heading-tag .heading-char{\nfont-size:25px;\n}\n#top #wrap_all .av-special-heading.av-lhw0y3ye-34c1b82d190fd1f4c2129898649aeaeb .av-special-heading-tag{\nfont-size:33px;\npadding:30x 30x 30x 30x;\n}\n.av-special-heading.av-lhw0y3ye-34c1b82d190fd1f4c2129898649aeaeb .av-subheading{\nfont-size:18px;\n}\n\n@media only screen and (min-width: 480px) and (max-width: 767px){ \n#top #wrap_all .av-special-heading.av-lhw0y3ye-34c1b82d190fd1f4c2129898649aeaeb .av-special-heading-tag{\nfont-size:0.8em;\n}\n}\n\n@media only screen and (max-width: 479px){ \n#top #wrap_all .av-special-heading.av-lhw0y3ye-34c1b82d190fd1f4c2129898649aeaeb .av-special-heading-tag{\nfont-size:0.8em;\n}\n}\n<\/style>\n<div  class='av-special-heading av-lhw0y3ye-34c1b82d190fd1f4c2129898649aeaeb av-special-heading-h2 blockquote modern-quote modern-centered  avia-builder-el-3  avia-builder-el-no-sibling  av-inherit-size'><h2 class='av-special-heading-tag'  itemprop=\"headline\"  >\u00c1hugaver\u00f0ir Linkar<\/h2><div class='av-subheading av-subheading_below'><p>Linkar \u00e1 \u00e1hugaver\u00f0ar s\u00ed\u00f0ur og reikniv\u00e9lar<\/p>\n<\/div><div class=\"special-heading-border\"><div class=\"special-heading-inner-border\"><\/div><\/div><\/div><\/div><div class='flex_column av-lhw0pkcv-55a0bb5e6d71ab89bce4b50d3720e1ef av_one_half  avia-builder-el-4  el_after_av_one_half  avia-builder-el-last  flex_column_div column-top-margin'     ><style type=\"text\/css\" data-created_by=\"avia_inline_auto\" id=\"style-css-av-lhw0nplv-b537a737aa3d4482e8dbd72b8bc09db0\">\n#top .av_textblock_section.av-lhw0nplv-b537a737aa3d4482e8dbd72b8bc09db0 .avia_textblock{\nfont-size:20px;\ncolor:#000000;\n}\n<\/style>\n<section  class='av_textblock_section av-lhw0nplv-b537a737aa3d4482e8dbd72b8bc09db0'  itemscope=\"itemscope\" itemtype=\"https:\/\/schema.org\/CreativeWork\" ><div class='avia_textblock av_inherit_color'  itemprop=\"text\" ><ul>\n<li style=\"text-align: left;\"><a href=\"https:\/\/aurbjorg.is\/\"><strong>Aurbj\u00f6rg<\/strong><\/a><\/li>\n<li style=\"text-align: left;\"><a href=\"https:\/\/herborg.is\/\"><strong>Herborg<\/strong><\/a><\/li>\n<li style=\"text-align: left;\"><a href=\"https:\/\/fjarmalaheilsa.is\/\"><strong>Stef\u00ed\u00a0<\/strong><\/a><\/li>\n<li style=\"text-align: left;\"><a href=\"https:\/\/keldan.is\/\"><strong>Keldan<\/strong><\/a><\/li>\n<li style=\"text-align: left;\"><a href=\"https:\/\/vibeiceland.is\/\"><strong>Heidi<\/strong><\/a><\/li>\n<\/ul>\n<\/div><\/section><\/div><\/p>\n","protected":false},"excerpt":{"rendered":"","protected":false},"author":2,"featured_media":0,"parent":0,"menu_order":0,"comment_status":"closed","ping_status":"closed","template":"","meta":{"footnotes":""},"class_list":["post-743","page","type-page","status-publish","hentry"],"_links":{"self":[{"href":"https:\/\/vibe.is\/index.php?rest_route=\/wp\/v2\/pages\/743","targetHints":{"allow":["GET"]}}],"collection":[{"href":"https:\/\/vibe.is\/index.php?rest_route=\/wp\/v2\/pages"}],"about":[{"href":"https:\/\/vibe.is\/index.php?rest_route=\/wp\/v2\/types\/page"}],"author":[{"embeddable":true,"href":"https:\/\/vibe.is\/index.php?rest_route=\/wp\/v2\/users\/2"}],"replies":[{"embeddable":true,"href":"https:\/\/vibe.is\/index.php?rest_route=%2Fwp%2Fv2%2Fcomments&post=743"}],"version-history":[{"count":7,"href":"https:\/\/vibe.is\/index.php?rest_route=\/wp\/v2\/pages\/743\/revisions"}],"predecessor-version":[{"id":754,"href":"https:\/\/vibe.is\/index.php?rest_route=\/wp\/v2\/pages\/743\/revisions\/754"}],"wp:attachment":[{"href":"https:\/\/vibe.is\/index.php?rest_route=%2Fwp%2Fv2%2Fmedia&parent=743"}],"curies":[{"name":"wp","href":"https:\/\/api.w.org\/{rel}","templated":true}]}}